{"id":777,"date":"2020-02-26T10:31:56","date_gmt":"2020-02-26T09:31:56","guid":{"rendered":"https:\/\/abramsmuehle.de\/?page_id=777"},"modified":"2024-09-03T09:53:41","modified_gmt":"2024-09-03T07:53:41","slug":"service","status":"publish","type":"page","link":"https:\/\/abramsmuehle.de\/?page_id=777","title":{"rendered":"Unsere Service-Leistungen"},"content":{"rendered":"\n<p class=\"has-text-align-center has-large-font-size\">Service wird bei uns gro\u00df geschrieben!<\/p>\n\n\n\n<figure class=\"wp-block-image size-large is-resized is-style-default\"><img data-recalc-dims=\"1\" loading=\"lazy\" decoding=\"async\" width=\"750\" height=\"580\" data-attachment-id=\"778\" data-permalink=\"https:\/\/abramsmuehle.de\/?attachment_id=778\" data-orig-file=\"https:\/\/i0.wp.com\/abramsmuehle.de\/wp-content\/uploads\/2020\/02\/IMG_0367.jpg?fit=960%2C742&amp;ssl=1\" data-orig-size=\"960,742\" data-comments-opened=\"1\" data-image-meta=\"{&quot;aperture&quot;:&quot;0&quot;,&quot;credit&quot;:&quot;&quot;,&quot;camera&quot;:&quot;&quot;,&quot;caption&quot;:&quot;&quot;,&quot;created_timestamp&quot;:&quot;1582626595&quot;,&quot;copyright&quot;:&quot;&quot;,&quot;focal_length&quot;:&quot;0&quot;,&quot;iso&quot;:&quot;0&quot;,&quot;shutter_speed&quot;:&quot;0&quot;,&quot;title&quot;:&quot;&quot;,&quot;orientation&quot;:&quot;1&quot;}\" data-image-title=\"IMG_0367\" data-image-description=\"\" data-image-caption=\"\" data-medium-file=\"https:\/\/i0.wp.com\/abramsmuehle.de\/wp-content\/uploads\/2020\/02\/IMG_0367.jpg?fit=300%2C232&amp;ssl=1\" data-large-file=\"https:\/\/i0.wp.com\/abramsmuehle.de\/wp-content\/uploads\/2020\/02\/IMG_0367.jpg?fit=750%2C580&amp;ssl=1\" src=\"https:\/\/i0.wp.com\/abramsmuehle.de\/wp-content\/uploads\/2020\/02\/IMG_0367.jpg?resize=750%2C580&#038;ssl=1\" alt=\"\" class=\"wp-image-778\" srcset=\"https:\/\/i0.wp.com\/abramsmuehle.de\/wp-content\/uploads\/2020\/02\/IMG_0367.jpg?w=960&amp;ssl=1 960w, https:\/\/i0.wp.com\/abramsmuehle.de\/wp-content\/uploads\/2020\/02\/IMG_0367.jpg?resize=300%2C232&amp;ssl=1 300w, https:\/\/i0.wp.com\/abramsmuehle.de\/wp-content\/uploads\/2020\/02\/IMG_0367.jpg?resize=768%2C594&amp;ssl=1 768w\" sizes=\"auto, (max-width: 750px) 100vw, 750px\" \/><\/figure>\n\n\n\n<p class=\"has-text-align-center\">Du brauchst eine gr\u00f6\u00dfere Menge an Blumenerden, Rindenmulch oder andere Sackwaren?<strong> Gerne liefern wir Dir diese nach Hause.<\/strong> Sprecht uns einfach an und wir machen einen Termin!<\/p>\n\n\n\n<p class=\"has-text-align-left\"><strong>Wir verleihen:<\/strong><\/p>\n\n\n\n<ul class=\"wp-block-list\">\n<li>Vertikutierer<\/li>\n\n\n\n<li>Streuwagen<\/li>\n\n\n\n<li>Rasenwalzen<\/li>\n\n\n\n<li>Kurbelmaschine f\u00fcr Manschetten<\/li>\n\n\n\n<li>Marderfalle<\/li>\n<\/ul>\n\n\n\n<p class=\"has-text-align-left\"><strong>kostenloser Service:<\/strong><\/p>\n\n\n\n<ul class=\"wp-block-list\">\n<li>Bodenanalyse<\/li>\n\n\n\n<li>Teichwasseranalyse<\/li>\n\n\n\n<li>Laboranalyse bei Pflanzenkrankheiten<\/li>\n\n\n\n<li>kostenlose Hundekott\u00fcten<\/li>\n<\/ul>\n\n\n\n<div class=\"wp-block-media-text alignwide is-stacked-on-mobile\"><figure class=\"wp-block-media-text__media\"><img data-recalc-dims=\"1\" loading=\"lazy\" decoding=\"async\" width=\"750\" height=\"475\" data-attachment-id=\"874\" data-permalink=\"https:\/\/abramsmuehle.de\/?attachment_id=874\" data-orig-file=\"https:\/\/i0.wp.com\/abramsmuehle.de\/wp-content\/uploads\/2020\/02\/Image-1-13.jpg?fit=960%2C608&amp;ssl=1\" data-orig-size=\"960,608\" data-comments-opened=\"1\" data-image-meta=\"{&quot;aperture&quot;:&quot;0&quot;,&quot;credit&quot;:&quot;&quot;,&quot;camera&quot;:&quot;&quot;,&quot;caption&quot;:&quot;&quot;,&quot;created_timestamp&quot;:&quot;0&quot;,&quot;copyright&quot;:&quot;&quot;,&quot;focal_length&quot;:&quot;0&quot;,&quot;iso&quot;:&quot;0&quot;,&quot;shutter_speed&quot;:&quot;0&quot;,&quot;title&quot;:&quot;&quot;,&quot;orientation&quot;:&quot;1&quot;}\" data-image-title=\"Image-1-13\" data-image-description=\"\" data-image-caption=\"\" data-medium-file=\"https:\/\/i0.wp.com\/abramsmuehle.de\/wp-content\/uploads\/2020\/02\/Image-1-13.jpg?fit=300%2C190&amp;ssl=1\" data-large-file=\"https:\/\/i0.wp.com\/abramsmuehle.de\/wp-content\/uploads\/2020\/02\/Image-1-13.jpg?fit=750%2C475&amp;ssl=1\" src=\"https:\/\/i0.wp.com\/abramsmuehle.de\/wp-content\/uploads\/2020\/02\/Image-1-13.jpg?resize=750%2C475&#038;ssl=1\" alt=\"\" class=\"wp-image-874 size-full\" srcset=\"https:\/\/i0.wp.com\/abramsmuehle.de\/wp-content\/uploads\/2020\/02\/Image-1-13.jpg?w=960&amp;ssl=1 960w, https:\/\/i0.wp.com\/abramsmuehle.de\/wp-content\/uploads\/2020\/02\/Image-1-13.jpg?resize=300%2C190&amp;ssl=1 300w, https:\/\/i0.wp.com\/abramsmuehle.de\/wp-content\/uploads\/2020\/02\/Image-1-13.jpg?resize=768%2C486&amp;ssl=1 768w\" sizes=\"auto, (max-width: 750px) 100vw, 750px\" \/><\/figure><div class=\"wp-block-media-text__content\">\n<p class=\"has-text-align-center has-normal-font-size\">Wir freuen uns, mit der Fleischerei Legged\u00f6r aus Weener einen Partner an unserer Seite zu haben der auf Nachhaltigkeit und Tierwohl setzt! \u00dcberzeugt Euch selbst:<\/p>\n\n\n\n<p class=\"has-text-align-center\"><a href=\"https:\/\/legged\u00f6r.de\">https:\/\/legged\u00f6r.de<\/a><\/p>\n<\/div><\/div>\n\n\n\n<p class=\"has-text-align-center\">Zu folgenden Zeiten findet Ihr den Verkaufswagen der Schlachterei Legged\u00f6r Weener bei uns auf dem Parkplatz:<\/p>\n\n\n\n<p class=\"has-text-align-center\">Mittwoch\u00b4s: 09:00 &#8211; 13:00 Uhr<\/p>\n\n\n\n<p class=\"has-text-align-center\">Freitag\u00b4s: 08:00 &#8211; 13:00 Uhr<\/p>\n\n\n\n<p class=\"has-text-align-center\"><\/p>\n\n\n\n<p><\/p>\n","protected":false},"excerpt":{"rendered":"<p>Service wird bei uns gro\u00df geschrieben! Du brauchst eine gr\u00f6\u00dfere Menge an Blumenerden, Rindenmulch oder andere Sackwaren? Gerne liefern wir Dir diese nach Hause. Sprecht uns einfach an und wir machen einen Termin! Wir verleihen: kostenloser Service: Wir freuen uns, mit der Fleischerei Legged\u00f6r aus Weener einen Partner an unserer Seite zu haben der auf<a class=\"more-link\" href=\"https:\/\/abramsmuehle.de\/?page_id=777\"><span class=\"screen-reader-text\">&#8222;Unsere Service-Leistungen&#8220;<\/span> weiterlesen<\/a><\/p>\n","protected":false},"author":174376882,"featured_media":0,"parent":0,"menu_order":0,"comment_status":"closed","ping_status":"closed","template":"","meta":{"_coblocks_attr":"","_coblocks_dimensions":"","_coblocks_responsive_height":"","_coblocks_accordion_ie_support":"","sfsi_plus_gutenberg_text_before_share":"","sfsi_plus_gutenberg_show_text_before_share":"","sfsi_plus_gutenberg_icon_type":"","sfsi_plus_gutenberg_icon_alignemt":"","sfsi_plus_gutenburg_max_per_row":"","advanced_seo_description":"","jetpack_seo_html_title":"","jetpack_seo_noindex":false,"jetpack_post_was_ever_published":false,"_joinchat":[],"footnotes":""},"class_list":["post-777","page","type-page","status-publish","hentry","entry"],"jetpack_likes_enabled":false,"jetpack_sharing_enabled":false,"jetpack_shortlink":"https:\/\/wp.me\/PbAD4a-cx","_links":{"self":[{"href":"https:\/\/abramsmuehle.de\/index.php?rest_route=\/wp\/v2\/pages\/777","targetHints":{"allow":["GET"]}}],"collection":[{"href":"https:\/\/abramsmuehle.de\/index.php?rest_route=\/wp\/v2\/pages"}],"about":[{"href":"https:\/\/abramsmuehle.de\/index.php?rest_route=\/wp\/v2\/types\/page"}],"author":[{"embeddable":true,"href":"https:\/\/abramsmuehle.de\/index.php?rest_route=\/wp\/v2\/users\/174376882"}],"replies":[{"embeddable":true,"href":"https:\/\/abramsmuehle.de\/index.php?rest_route=%2Fwp%2Fv2%2Fcomments&post=777"}],"version-history":[{"count":12,"href":"https:\/\/abramsmuehle.de\/index.php?rest_route=\/wp\/v2\/pages\/777\/revisions"}],"predecessor-version":[{"id":2053,"href":"https:\/\/abramsmuehle.de\/index.php?rest_route=\/wp\/v2\/pages\/777\/revisions\/2053"}],"wp:attachment":[{"href":"https:\/\/abramsmuehle.de\/index.php?rest_route=%2Fwp%2Fv2%2Fmedia&parent=777"}],"curies":[{"name":"wp","href":"https:\/\/api.w.org\/{rel}","templated":true}]}}