{"id":715,"date":"2020-02-19T09:55:36","date_gmt":"2020-02-19T08:55:36","guid":{"rendered":"https:\/\/abramsmuehle.de\/?page_id=715"},"modified":"2023-03-13T20:54:04","modified_gmt":"2023-03-13T19:54:04","slug":"wildtier","status":"publish","type":"page","link":"https:\/\/abramsmuehle.de\/?page_id=715","title":{"rendered":"Wildtier"},"content":{"rendered":"\n<figure class=\"wp-block-gallery has-nested-images columns-default is-cropped wp-block-gallery-1 is-layout-flex wp-block-gallery-is-layout-flex\">\n<figure class=\"wp-block-image size-large\"><img data-recalc-dims=\"1\" loading=\"lazy\" decoding=\"async\" width=\"546\" height=\"960\" data-attachment-id=\"729\" data-permalink=\"https:\/\/abramsmuehle.de\/?attachment_id=729\" data-orig-file=\"https:\/\/i0.wp.com\/abramsmuehle.de\/wp-content\/uploads\/2020\/02\/IMG_0287.jpg?fit=546%2C960&amp;ssl=1\" data-orig-size=\"546,960\" data-comments-opened=\"1\" data-image-meta=\"{&quot;aperture&quot;:&quot;0&quot;,&quot;credit&quot;:&quot;&quot;,&quot;camera&quot;:&quot;&quot;,&quot;caption&quot;:&quot;&quot;,&quot;created_timestamp&quot;:&quot;1581962221&quot;,&quot;copyright&quot;:&quot;&quot;,&quot;focal_length&quot;:&quot;0&quot;,&quot;iso&quot;:&quot;0&quot;,&quot;shutter_speed&quot;:&quot;0&quot;,&quot;title&quot;:&quot;&quot;,&quot;orientation&quot;:&quot;1&quot;}\" data-image-title=\"IMG_0287\" data-image-description=\"\" data-image-caption=\"\" data-large-file=\"https:\/\/i0.wp.com\/abramsmuehle.de\/wp-content\/uploads\/2020\/02\/IMG_0287.jpg?fit=546%2C960&amp;ssl=1\" data-id=\"729\" src=\"https:\/\/i0.wp.com\/abramsmuehle.de\/wp-content\/uploads\/2020\/02\/IMG_0287.jpg?resize=546%2C960&#038;ssl=1\" alt=\"\" class=\"wp-image-729\" srcset=\"https:\/\/i0.wp.com\/abramsmuehle.de\/wp-content\/uploads\/2020\/02\/IMG_0287.jpg?w=546&amp;ssl=1 546w, https:\/\/i0.wp.com\/abramsmuehle.de\/wp-content\/uploads\/2020\/02\/IMG_0287.jpg?resize=171%2C300&amp;ssl=1 171w\" sizes=\"auto, (max-width: 546px) 100vw, 546px\" \/><\/figure>\n\n\n\n<figure class=\"wp-block-image size-large\"><img data-recalc-dims=\"1\" loading=\"lazy\" decoding=\"async\" width=\"750\" height=\"847\" data-attachment-id=\"730\" data-permalink=\"https:\/\/abramsmuehle.de\/?attachment_id=730\" data-orig-file=\"https:\/\/i0.wp.com\/abramsmuehle.de\/wp-content\/uploads\/2020\/02\/IMG_0289-2.jpg?fit=850%2C960&amp;ssl=1\" data-orig-size=\"850,960\" data-comments-opened=\"1\" data-image-meta=\"{&quot;aperture&quot;:&quot;0&quot;,&quot;credit&quot;:&quot;&quot;,&quot;camera&quot;:&quot;&quot;,&quot;caption&quot;:&quot;&quot;,&quot;created_timestamp&quot;:&quot;1581962256&quot;,&quot;copyright&quot;:&quot;&quot;,&quot;focal_length&quot;:&quot;0&quot;,&quot;iso&quot;:&quot;0&quot;,&quot;shutter_speed&quot;:&quot;0&quot;,&quot;title&quot;:&quot;&quot;,&quot;orientation&quot;:&quot;1&quot;}\" data-image-title=\"IMG_0289-2\" data-image-description=\"\" data-image-caption=\"\" data-large-file=\"https:\/\/i0.wp.com\/abramsmuehle.de\/wp-content\/uploads\/2020\/02\/IMG_0289-2.jpg?fit=750%2C847&amp;ssl=1\" data-id=\"730\" src=\"https:\/\/i0.wp.com\/abramsmuehle.de\/wp-content\/uploads\/2020\/02\/IMG_0289-2.jpg?resize=750%2C847&#038;ssl=1\" alt=\"\" class=\"wp-image-730\" srcset=\"https:\/\/i0.wp.com\/abramsmuehle.de\/wp-content\/uploads\/2020\/02\/IMG_0289-2.jpg?w=850&amp;ssl=1 850w, https:\/\/i0.wp.com\/abramsmuehle.de\/wp-content\/uploads\/2020\/02\/IMG_0289-2.jpg?resize=266%2C300&amp;ssl=1 266w, https:\/\/i0.wp.com\/abramsmuehle.de\/wp-content\/uploads\/2020\/02\/IMG_0289-2.jpg?resize=768%2C867&amp;ssl=1 768w\" sizes=\"auto, (max-width: 750px) 100vw, 750px\" \/><\/figure>\n<\/figure>\n\n\n\n<p class=\"has-text-align-center\">Vogelschar im Garten? <\/p>\n\n\n\n<p class=\"has-text-align-center\">Damit es an der Futterstelle im Garten keine Reibereien gibt, bekommt Ihr bei uns eine gro\u00dfe Auswahl an Wild-Vogelfutter sowie Vogelh\u00e4user, Futterstationen, Kn\u00f6del, Meisenringe, Nusskerzen und Halterungen. <\/p>\n\n\n\n<p class=\"has-text-align-center\">Aber auch Eichh\u00f6rnchen &amp; Igel kommen bei uns nicht zu kurz! <\/p>\n\n\n<div class=\"wp-block-image is-style-default\">\n<figure class=\"aligncenter size-large is-resized\"><img data-recalc-dims=\"1\" loading=\"lazy\" decoding=\"async\" data-attachment-id=\"859\" data-permalink=\"https:\/\/abramsmuehle.de\/?attachment_id=859\" data-orig-file=\"https:\/\/i0.wp.com\/abramsmuehle.de\/wp-content\/uploads\/2020\/02\/IMG_0483.jpg?fit=720%2C960&amp;ssl=1\" data-orig-size=\"720,960\" data-comments-opened=\"1\" data-image-meta=\"{&quot;aperture&quot;:&quot;0&quot;,&quot;credit&quot;:&quot;&quot;,&quot;camera&quot;:&quot;&quot;,&quot;caption&quot;:&quot;&quot;,&quot;created_timestamp&quot;:&quot;1582814518&quot;,&quot;copyright&quot;:&quot;&quot;,&quot;focal_length&quot;:&quot;0&quot;,&quot;iso&quot;:&quot;0&quot;,&quot;shutter_speed&quot;:&quot;0&quot;,&quot;title&quot;:&quot;&quot;,&quot;orientation&quot;:&quot;1&quot;}\" data-image-title=\"IMG_0483\" data-image-description=\"\" data-image-caption=\"\" data-large-file=\"https:\/\/i0.wp.com\/abramsmuehle.de\/wp-content\/uploads\/2020\/02\/IMG_0483.jpg?fit=720%2C960&amp;ssl=1\" src=\"https:\/\/i0.wp.com\/abramsmuehle.de\/wp-content\/uploads\/2020\/02\/IMG_0483.jpg?resize=360%2C480&#038;ssl=1\" alt=\"\" class=\"wp-image-859\" width=\"360\" height=\"480\" srcset=\"https:\/\/i0.wp.com\/abramsmuehle.de\/wp-content\/uploads\/2020\/02\/IMG_0483.jpg?w=720&amp;ssl=1 720w, https:\/\/i0.wp.com\/abramsmuehle.de\/wp-content\/uploads\/2020\/02\/IMG_0483.jpg?resize=225%2C300&amp;ssl=1 225w, https:\/\/i0.wp.com\/abramsmuehle.de\/wp-content\/uploads\/2020\/02\/IMG_0483.jpg?resize=600%2C800&amp;ssl=1 600w, https:\/\/i0.wp.com\/abramsmuehle.de\/wp-content\/uploads\/2020\/02\/IMG_0483.jpg?resize=300%2C400&amp;ssl=1 300w, https:\/\/i0.wp.com\/abramsmuehle.de\/wp-content\/uploads\/2020\/02\/IMG_0483.jpg?resize=150%2C200&amp;ssl=1 150w\" sizes=\"auto, (max-width: 360px) 100vw, 360px\" \/><\/figure>\n<\/div>\n\n\n<p class=\"has-text-align-center\"><strong>Maria<\/strong> hilft Euch gerne weiter!<\/p>\n\n\n\n<figure class=\"wp-block-image size-full is-resized is-style-default\"><img data-recalc-dims=\"1\" loading=\"lazy\" decoding=\"async\" data-attachment-id=\"1676\" data-permalink=\"https:\/\/abramsmuehle.de\/?attachment_id=1676\" data-orig-file=\"https:\/\/i0.wp.com\/abramsmuehle.de\/wp-content\/uploads\/2023\/03\/Michaela-Wildtier.jpeg?fit=639%2C864&amp;ssl=1\" data-orig-size=\"639,864\" data-comments-opened=\"1\" data-image-meta=\"{&quot;aperture&quot;:&quot;0&quot;,&quot;credit&quot;:&quot;&quot;,&quot;camera&quot;:&quot;&quot;,&quot;caption&quot;:&quot;&quot;,&quot;created_timestamp&quot;:&quot;1678713211&quot;,&quot;copyright&quot;:&quot;&quot;,&quot;focal_length&quot;:&quot;0&quot;,&quot;iso&quot;:&quot;0&quot;,&quot;shutter_speed&quot;:&quot;0&quot;,&quot;title&quot;:&quot;&quot;,&quot;orientation&quot;:&quot;1&quot;}\" data-image-title=\"Michaela-Wildtier\" data-image-description=\"\" data-image-caption=\"\" data-large-file=\"https:\/\/i0.wp.com\/abramsmuehle.de\/wp-content\/uploads\/2023\/03\/Michaela-Wildtier.jpeg?fit=639%2C864&amp;ssl=1\" src=\"https:\/\/i0.wp.com\/abramsmuehle.de\/wp-content\/uploads\/2023\/03\/Michaela-Wildtier.jpeg?resize=360%2C480&#038;ssl=1\" alt=\"\" class=\"wp-image-1676\" width=\"360\" height=\"480\" srcset=\"https:\/\/i0.wp.com\/abramsmuehle.de\/wp-content\/uploads\/2023\/03\/Michaela-Wildtier.jpeg?resize=600%2C800&amp;ssl=1 600w, https:\/\/i0.wp.com\/abramsmuehle.de\/wp-content\/uploads\/2023\/03\/Michaela-Wildtier.jpeg?resize=300%2C400&amp;ssl=1 300w, https:\/\/i0.wp.com\/abramsmuehle.de\/wp-content\/uploads\/2023\/03\/Michaela-Wildtier.jpeg?resize=150%2C200&amp;ssl=1 150w\" sizes=\"auto, (max-width: 360px) 100vw, 360px\" \/><\/figure>\n\n\n\n<p class=\"has-text-align-center\">oder unsere <strong>Michaela<\/strong>&#8230;<\/p>\n","protected":false},"excerpt":{"rendered":"<p>Vogelschar im Garten? Damit es an der Futterstelle im Garten keine Reibereien gibt, bekommt Ihr bei uns eine gro\u00dfe Auswahl an Wild-Vogelfutter sowie Vogelh\u00e4user, Futterstationen, Kn\u00f6del, Meisenringe, Nusskerzen und Halterungen. Aber auch Eichh\u00f6rnchen &amp; Igel kommen bei uns nicht zu kurz! Maria hilft Euch gerne weiter! oder unsere Michaela&#8230;<\/p>\n","protected":false},"author":174376882,"featured_media":0,"parent":0,"menu_order":0,"comment_status":"closed","ping_status":"closed","template":"","meta":{"_coblocks_attr":"","_coblocks_dimensions":"","_coblocks_responsive_height":"","_coblocks_accordion_ie_support":"","sfsi_plus_gutenberg_text_before_share":"","sfsi_plus_gutenberg_show_text_before_share":"","sfsi_plus_gutenberg_icon_type":"","sfsi_plus_gutenberg_icon_alignemt":"","sfsi_plus_gutenburg_max_per_row":"","advanced_seo_description":"","jetpack_seo_html_title":"","jetpack_seo_noindex":false,"_joinchat":[],"footnotes":""},"class_list":["post-715","page","type-page","status-publish","hentry","entry"],"jetpack_likes_enabled":false,"jetpack_sharing_enabled":false,"jetpack_shortlink":"https:\/\/wp.me\/PbAD4a-bx","_links":{"self":[{"href":"https:\/\/abramsmuehle.de\/index.php?rest_route=\/wp\/v2\/pages\/715","targetHints":{"allow":["GET"]}}],"collection":[{"href":"https:\/\/abramsmuehle.de\/index.php?rest_route=\/wp\/v2\/pages"}],"about":[{"href":"https:\/\/abramsmuehle.de\/index.php?rest_route=\/wp\/v2\/types\/page"}],"author":[{"embeddable":true,"href":"https:\/\/abramsmuehle.de\/index.php?rest_route=\/wp\/v2\/users\/174376882"}],"replies":[{"embeddable":true,"href":"https:\/\/abramsmuehle.de\/index.php?rest_route=%2Fwp%2Fv2%2Fcomments&post=715"}],"version-history":[{"count":7,"href":"https:\/\/abramsmuehle.de\/index.php?rest_route=\/wp\/v2\/pages\/715\/revisions"}],"predecessor-version":[{"id":1677,"href":"https:\/\/abramsmuehle.de\/index.php?rest_route=\/wp\/v2\/pages\/715\/revisions\/1677"}],"wp:attachment":[{"href":"https:\/\/abramsmuehle.de\/index.php?rest_route=%2Fwp%2Fv2%2Fmedia&parent=715"}],"curies":[{"name":"wp","href":"https:\/\/api.w.org\/{rel}","templated":true}]}}