{"id":655,"date":"2020-02-13T10:05:35","date_gmt":"2020-02-13T09:05:35","guid":{"rendered":"https:\/\/abramsmuehle.de\/?page_id=655"},"modified":"2023-03-17T14:36:38","modified_gmt":"2023-03-17T13:36:38","slug":"garten","status":"publish","type":"page","link":"https:\/\/abramsmuehle.de\/?page_id=655","title":{"rendered":"Garten\/Haus\/Teich"},"content":{"rendered":"\n<figure class=\"wp-block-gallery has-nested-images columns-default is-cropped wp-block-gallery-1 is-layout-flex wp-block-gallery-is-layout-flex\">\n<figure class=\"wp-block-image size-large\"><img data-recalc-dims=\"1\" loading=\"lazy\" decoding=\"async\" width=\"750\" height=\"907\" data-attachment-id=\"478\" data-permalink=\"https:\/\/abramsmuehle.de\/?attachment_id=478\" data-orig-file=\"https:\/\/i0.wp.com\/abramsmuehle.de\/wp-content\/uploads\/2020\/02\/E169DF54-4888-41A1-9F67-7847B918A7B6-3.jpeg?fit=794%2C960&amp;ssl=1\" data-orig-size=\"794,960\" data-comments-opened=\"1\" data-image-meta=\"{&quot;aperture&quot;:&quot;0&quot;,&quot;credit&quot;:&quot;&quot;,&quot;camera&quot;:&quot;&quot;,&quot;caption&quot;:&quot;&quot;,&quot;created_timestamp&quot;:&quot;0&quot;,&quot;copyright&quot;:&quot;&quot;,&quot;focal_length&quot;:&quot;0&quot;,&quot;iso&quot;:&quot;0&quot;,&quot;shutter_speed&quot;:&quot;0&quot;,&quot;title&quot;:&quot;&quot;,&quot;orientation&quot;:&quot;1&quot;}\" data-image-title=\"E169DF54-4888-41A1-9F67-7847B918A7B6\" data-image-description=\"\" data-image-caption=\"\" data-large-file=\"https:\/\/i0.wp.com\/abramsmuehle.de\/wp-content\/uploads\/2020\/02\/E169DF54-4888-41A1-9F67-7847B918A7B6-3.jpeg?fit=750%2C907&amp;ssl=1\" data-id=\"478\" src=\"https:\/\/i0.wp.com\/abramsmuehle.de\/wp-content\/uploads\/2020\/02\/E169DF54-4888-41A1-9F67-7847B918A7B6-3.jpeg?resize=750%2C907&#038;ssl=1\" alt=\"\" class=\"wp-image-478\" srcset=\"https:\/\/i0.wp.com\/abramsmuehle.de\/wp-content\/uploads\/2020\/02\/E169DF54-4888-41A1-9F67-7847B918A7B6-3.jpeg?w=794&amp;ssl=1 794w, https:\/\/i0.wp.com\/abramsmuehle.de\/wp-content\/uploads\/2020\/02\/E169DF54-4888-41A1-9F67-7847B918A7B6-3.jpeg?resize=248%2C300&amp;ssl=1 248w, https:\/\/i0.wp.com\/abramsmuehle.de\/wp-content\/uploads\/2020\/02\/E169DF54-4888-41A1-9F67-7847B918A7B6-3.jpeg?resize=768%2C929&amp;ssl=1 768w\" sizes=\"auto, (max-width: 750px) 100vw, 750px\" \/><\/figure>\n\n\n\n<figure class=\"wp-block-image size-large\"><img data-recalc-dims=\"1\" loading=\"lazy\" decoding=\"async\" width=\"688\" height=\"960\" data-attachment-id=\"703\" data-permalink=\"https:\/\/abramsmuehle.de\/?attachment_id=703\" data-orig-file=\"https:\/\/i0.wp.com\/abramsmuehle.de\/wp-content\/uploads\/2020\/02\/IMG_0293-1.jpg?fit=688%2C960&amp;ssl=1\" data-orig-size=\"688,960\" data-comments-opened=\"1\" data-image-meta=\"{&quot;aperture&quot;:&quot;0&quot;,&quot;credit&quot;:&quot;&quot;,&quot;camera&quot;:&quot;&quot;,&quot;caption&quot;:&quot;&quot;,&quot;created_timestamp&quot;:&quot;1581962392&quot;,&quot;copyright&quot;:&quot;&quot;,&quot;focal_length&quot;:&quot;0&quot;,&quot;iso&quot;:&quot;0&quot;,&quot;shutter_speed&quot;:&quot;0&quot;,&quot;title&quot;:&quot;&quot;,&quot;orientation&quot;:&quot;1&quot;}\" data-image-title=\"IMG_0293\" data-image-description=\"\" data-image-caption=\"\" data-large-file=\"https:\/\/i0.wp.com\/abramsmuehle.de\/wp-content\/uploads\/2020\/02\/IMG_0293-1.jpg?fit=688%2C960&amp;ssl=1\" data-id=\"703\" src=\"https:\/\/i0.wp.com\/abramsmuehle.de\/wp-content\/uploads\/2020\/02\/IMG_0293-1.jpg?resize=688%2C960&#038;ssl=1\" alt=\"\" class=\"wp-image-703\" srcset=\"https:\/\/i0.wp.com\/abramsmuehle.de\/wp-content\/uploads\/2020\/02\/IMG_0293-1.jpg?w=688&amp;ssl=1 688w, https:\/\/i0.wp.com\/abramsmuehle.de\/wp-content\/uploads\/2020\/02\/IMG_0293-1.jpg?resize=215%2C300&amp;ssl=1 215w\" sizes=\"auto, (max-width: 688px) 100vw, 688px\" \/><\/figure>\n<\/figure>\n\n\n\n<p class=\"has-text-align-center\">Bei uns findest Du verschiedene Hilfsmittel zur Gartengestaltung, Unkrautbek\u00e4mpfung sowie Garten- und Blumenpflege.<\/p>\n\n\n\n<p class=\"has-text-align-center\">Im Bereich Pflanzenschutz stehen wir Dir mit unserem geschulten Personal zur Seite! Anhand von Blattproben k\u00f6nnen wir Schadursachen erkennen und dabei helfen diese zu bek\u00e4mpfen. Schwere F\u00e4lle senden wir ins Labor zur kostenlosen Analyse.<\/p>\n\n\n\n<p class=\"has-text-align-center\">Garten mit Teich?<\/p>\n\n\n\n<p class=\"has-text-align-center\">Bei und bekommt Ihr Produkte zur Teichpflege und Fischfutter. Bei Problemen mit der Wasserqualit\u00e4t f\u00fchren wir eine kostenlose Analyse durch.<\/p>\n\n\n\n<p class=\"has-text-align-center\">Auch bei Sch\u00e4dlingebefall, egal welcher Art (an Pflanzen, Gem\u00fcse oder  Ratten- M\u00e4usebek\u00e4mpfung, Wespen, M\u00fccken, Milben etc.) finden wir L\u00f6sungen!<\/p>\n\n\n\n<div class=\"wp-block-media-text alignwide is-stacked-on-mobile is-style-default\"><figure class=\"wp-block-media-text__media\"><img data-recalc-dims=\"1\" loading=\"lazy\" decoding=\"async\" width=\"750\" height=\"804\" data-attachment-id=\"698\" data-permalink=\"https:\/\/abramsmuehle.de\/?attachment_id=698\" data-orig-file=\"https:\/\/i0.wp.com\/abramsmuehle.de\/wp-content\/uploads\/2020\/02\/IMG_0269.jpg?fit=896%2C960&amp;ssl=1\" data-orig-size=\"896,960\" data-comments-opened=\"1\" data-image-meta=\"{&quot;aperture&quot;:&quot;0&quot;,&quot;credit&quot;:&quot;&quot;,&quot;camera&quot;:&quot;&quot;,&quot;caption&quot;:&quot;&quot;,&quot;created_timestamp&quot;:&quot;1581755475&quot;,&quot;copyright&quot;:&quot;&quot;,&quot;focal_length&quot;:&quot;0&quot;,&quot;iso&quot;:&quot;0&quot;,&quot;shutter_speed&quot;:&quot;0&quot;,&quot;title&quot;:&quot;&quot;,&quot;orientation&quot;:&quot;1&quot;}\" data-image-title=\"IMG_0269\" data-image-description=\"\" data-image-caption=\"\" data-large-file=\"https:\/\/i0.wp.com\/abramsmuehle.de\/wp-content\/uploads\/2020\/02\/IMG_0269.jpg?fit=750%2C804&amp;ssl=1\" src=\"https:\/\/i0.wp.com\/abramsmuehle.de\/wp-content\/uploads\/2020\/02\/IMG_0269.jpg?resize=750%2C804&#038;ssl=1\" alt=\"\" class=\"wp-image-698 size-full\" srcset=\"https:\/\/i0.wp.com\/abramsmuehle.de\/wp-content\/uploads\/2020\/02\/IMG_0269.jpg?w=896&amp;ssl=1 896w, https:\/\/i0.wp.com\/abramsmuehle.de\/wp-content\/uploads\/2020\/02\/IMG_0269.jpg?resize=280%2C300&amp;ssl=1 280w, https:\/\/i0.wp.com\/abramsmuehle.de\/wp-content\/uploads\/2020\/02\/IMG_0269.jpg?resize=768%2C823&amp;ssl=1 768w\" sizes=\"auto, (max-width: 750px) 100vw, 750px\" \/><\/figure><div class=\"wp-block-media-text__content\">\n<p>Als gelernte G\u00e4rtnerin wei\u00df <strong>Petra<\/strong> Rat!<\/p>\n<\/div><\/div>\n\n\n\n<p class=\"has-text-align-center\"><\/p>\n\n\n\n<div class=\"wp-block-media-text alignwide has-media-on-the-right is-stacked-on-mobile\"><div class=\"wp-block-media-text__content\">\n<p>Ihr sucht S\u00e4mereien? <strong>Maria<\/strong> hat sie oder besorgt sie Euch&#8230;<\/p>\n<\/div><figure class=\"wp-block-media-text__media\"><img data-recalc-dims=\"1\" loading=\"lazy\" decoding=\"async\" width=\"574\" height=\"640\" data-attachment-id=\"1728\" data-permalink=\"https:\/\/abramsmuehle.de\/?attachment_id=1728\" data-orig-file=\"https:\/\/i0.wp.com\/abramsmuehle.de\/wp-content\/uploads\/2023\/03\/Bild-Maria-Garten.png?fit=574%2C640&amp;ssl=1\" data-orig-size=\"574,640\" data-comments-opened=\"1\" data-image-meta=\"{&quot;aperture&quot;:&quot;0&quot;,&quot;credit&quot;:&quot;&quot;,&quot;camera&quot;:&quot;&quot;,&quot;caption&quot;:&quot;&quot;,&quot;created_timestamp&quot;:&quot;0&quot;,&quot;copyright&quot;:&quot;&quot;,&quot;focal_length&quot;:&quot;0&quot;,&quot;iso&quot;:&quot;0&quot;,&quot;shutter_speed&quot;:&quot;0&quot;,&quot;title&quot;:&quot;&quot;,&quot;orientation&quot;:&quot;0&quot;}\" data-image-title=\"Bild Maria Garten\" data-image-description=\"\" data-image-caption=\"\" data-large-file=\"https:\/\/i0.wp.com\/abramsmuehle.de\/wp-content\/uploads\/2023\/03\/Bild-Maria-Garten.png?fit=574%2C640&amp;ssl=1\" src=\"https:\/\/i0.wp.com\/abramsmuehle.de\/wp-content\/uploads\/2023\/03\/Bild-Maria-Garten.png?resize=574%2C640&#038;ssl=1\" alt=\"\" class=\"wp-image-1728 size-full\" srcset=\"https:\/\/i0.wp.com\/abramsmuehle.de\/wp-content\/uploads\/2023\/03\/Bild-Maria-Garten.png?w=574&amp;ssl=1 574w, https:\/\/i0.wp.com\/abramsmuehle.de\/wp-content\/uploads\/2023\/03\/Bild-Maria-Garten.png?resize=269%2C300&amp;ssl=1 269w\" sizes=\"auto, (max-width: 574px) 100vw, 574px\" \/><\/figure><\/div>\n\n\n\n<p class=\"has-text-align-center\">Alle <strong>Petra\u00b4s und Sandra <\/strong>sind dank zahlreicher Schulungen und Weiterbildungen Fachberater im Thema Pflanzenschutz&#8230;<\/p>\n\n\n<div class=\"wp-block-image is-style-default\">\n<figure class=\"alignleft size-large is-resized\"><img data-recalc-dims=\"1\" loading=\"lazy\" decoding=\"async\" data-attachment-id=\"832\" data-permalink=\"https:\/\/abramsmuehle.de\/?attachment_id=832\" data-orig-file=\"https:\/\/i0.wp.com\/abramsmuehle.de\/wp-content\/uploads\/2020\/02\/Image-1-6.jpg?fit=774%2C960&amp;ssl=1\" data-orig-size=\"774,960\" data-comments-opened=\"1\" data-image-meta=\"{&quot;aperture&quot;:&quot;0&quot;,&quot;credit&quot;:&quot;&quot;,&quot;camera&quot;:&quot;&quot;,&quot;caption&quot;:&quot;&quot;,&quot;created_timestamp&quot;:&quot;0&quot;,&quot;copyright&quot;:&quot;&quot;,&quot;focal_length&quot;:&quot;0&quot;,&quot;iso&quot;:&quot;0&quot;,&quot;shutter_speed&quot;:&quot;0&quot;,&quot;title&quot;:&quot;&quot;,&quot;orientation&quot;:&quot;1&quot;}\" data-image-title=\"Image-1-6\" data-image-description=\"\" data-image-caption=\"\" data-large-file=\"https:\/\/i0.wp.com\/abramsmuehle.de\/wp-content\/uploads\/2020\/02\/Image-1-6.jpg?fit=750%2C930&amp;ssl=1\" src=\"https:\/\/i0.wp.com\/abramsmuehle.de\/wp-content\/uploads\/2020\/02\/Image-1-6.jpg?resize=150%2C150&#038;ssl=1\" alt=\"\" class=\"wp-image-832\" width=\"150\" height=\"150\" srcset=\"https:\/\/i0.wp.com\/abramsmuehle.de\/wp-content\/uploads\/2020\/02\/Image-1-6.jpg?resize=150%2C150&amp;ssl=1 150w, https:\/\/i0.wp.com\/abramsmuehle.de\/wp-content\/uploads\/2020\/02\/Image-1-6.jpg?resize=400%2C400&amp;ssl=1 400w, https:\/\/i0.wp.com\/abramsmuehle.de\/wp-content\/uploads\/2020\/02\/Image-1-6.jpg?resize=200%2C200&amp;ssl=1 200w, https:\/\/i0.wp.com\/abramsmuehle.de\/wp-content\/uploads\/2020\/02\/Image-1-6.jpg?zoom=2&amp;resize=150%2C150&amp;ssl=1 300w, https:\/\/i0.wp.com\/abramsmuehle.de\/wp-content\/uploads\/2020\/02\/Image-1-6.jpg?zoom=3&amp;resize=150%2C150&amp;ssl=1 450w\" sizes=\"auto, (max-width: 150px) 100vw, 150px\" \/><figcaption class=\"wp-element-caption\">PETRA<\/figcaption><\/figure>\n<\/div>\n\n<div class=\"wp-block-image is-style-default\">\n<figure class=\"alignleft size-thumbnail\"><img data-recalc-dims=\"1\" loading=\"lazy\" decoding=\"async\" width=\"150\" height=\"150\" data-attachment-id=\"977\" data-permalink=\"https:\/\/abramsmuehle.de\/?attachment_id=977\" data-orig-file=\"https:\/\/i0.wp.com\/abramsmuehle.de\/wp-content\/uploads\/2020\/03\/IMG_0583.jpg?fit=612%2C960&amp;ssl=1\" data-orig-size=\"612,960\" data-comments-opened=\"1\" data-image-meta=\"{&quot;aperture&quot;:&quot;0&quot;,&quot;credit&quot;:&quot;&quot;,&quot;camera&quot;:&quot;&quot;,&quot;caption&quot;:&quot;&quot;,&quot;created_timestamp&quot;:&quot;1583319404&quot;,&quot;copyright&quot;:&quot;&quot;,&quot;focal_length&quot;:&quot;0&quot;,&quot;iso&quot;:&quot;0&quot;,&quot;shutter_speed&quot;:&quot;0&quot;,&quot;title&quot;:&quot;&quot;,&quot;orientation&quot;:&quot;1&quot;}\" data-image-title=\"IMG_0583\" data-image-description=\"\" data-image-caption=\"\" data-large-file=\"https:\/\/i0.wp.com\/abramsmuehle.de\/wp-content\/uploads\/2020\/03\/IMG_0583.jpg?fit=612%2C960&amp;ssl=1\" src=\"https:\/\/i0.wp.com\/abramsmuehle.de\/wp-content\/uploads\/2020\/03\/IMG_0583.jpg?resize=150%2C150&#038;ssl=1\" alt=\"\" class=\"wp-image-977\" srcset=\"https:\/\/i0.wp.com\/abramsmuehle.de\/wp-content\/uploads\/2020\/03\/IMG_0583.jpg?resize=150%2C150&amp;ssl=1 150w, https:\/\/i0.wp.com\/abramsmuehle.de\/wp-content\/uploads\/2020\/03\/IMG_0583.jpg?resize=400%2C400&amp;ssl=1 400w, https:\/\/i0.wp.com\/abramsmuehle.de\/wp-content\/uploads\/2020\/03\/IMG_0583.jpg?resize=200%2C200&amp;ssl=1 200w, https:\/\/i0.wp.com\/abramsmuehle.de\/wp-content\/uploads\/2020\/03\/IMG_0583.jpg?zoom=2&amp;resize=150%2C150&amp;ssl=1 300w, https:\/\/i0.wp.com\/abramsmuehle.de\/wp-content\/uploads\/2020\/03\/IMG_0583.jpg?zoom=3&amp;resize=150%2C150&amp;ssl=1 450w\" sizes=\"auto, (max-width: 150px) 100vw, 150px\" \/><figcaption class=\"wp-element-caption\">SANDRA<\/figcaption><\/figure>\n<\/div>\n\n<div class=\"wp-block-image is-style-default\">\n<figure class=\"alignleft size-thumbnail\"><img data-recalc-dims=\"1\" loading=\"lazy\" decoding=\"async\" width=\"150\" height=\"150\" data-attachment-id=\"1259\" data-permalink=\"https:\/\/abramsmuehle.de\/?attachment_id=1259\" data-orig-file=\"https:\/\/i0.wp.com\/abramsmuehle.de\/wp-content\/uploads\/2021\/11\/34A1B2DA-AC47-42D9-83B3-3D4F9F20A559.png?fit=936%2C960&amp;ssl=1\" data-orig-size=\"936,960\" data-comments-opened=\"1\" data-image-meta=\"{&quot;aperture&quot;:&quot;0&quot;,&quot;credit&quot;:&quot;&quot;,&quot;camera&quot;:&quot;&quot;,&quot;caption&quot;:&quot;&quot;,&quot;created_timestamp&quot;:&quot;0&quot;,&quot;copyright&quot;:&quot;&quot;,&quot;focal_length&quot;:&quot;0&quot;,&quot;iso&quot;:&quot;0&quot;,&quot;shutter_speed&quot;:&quot;0&quot;,&quot;title&quot;:&quot;&quot;,&quot;orientation&quot;:&quot;0&quot;}\" data-image-title=\"34A1B2DA-AC47-42D9-83B3-3D4F9F20A559\" data-image-description=\"\" data-image-caption=\"&lt;p&gt;sdfsdf&lt;\/p&gt;\n\" data-large-file=\"https:\/\/i0.wp.com\/abramsmuehle.de\/wp-content\/uploads\/2021\/11\/34A1B2DA-AC47-42D9-83B3-3D4F9F20A559.png?fit=750%2C769&amp;ssl=1\" src=\"https:\/\/i0.wp.com\/abramsmuehle.de\/wp-content\/uploads\/2021\/11\/34A1B2DA-AC47-42D9-83B3-3D4F9F20A559-150x150.png?resize=150%2C150&#038;ssl=1\" alt=\"\" class=\"wp-image-1259\" srcset=\"https:\/\/i0.wp.com\/abramsmuehle.de\/wp-content\/uploads\/2021\/11\/34A1B2DA-AC47-42D9-83B3-3D4F9F20A559.png?resize=150%2C150&amp;ssl=1 150w, https:\/\/i0.wp.com\/abramsmuehle.de\/wp-content\/uploads\/2021\/11\/34A1B2DA-AC47-42D9-83B3-3D4F9F20A559.png?resize=800%2C800&amp;ssl=1 800w, https:\/\/i0.wp.com\/abramsmuehle.de\/wp-content\/uploads\/2021\/11\/34A1B2DA-AC47-42D9-83B3-3D4F9F20A559.png?resize=400%2C400&amp;ssl=1 400w, https:\/\/i0.wp.com\/abramsmuehle.de\/wp-content\/uploads\/2021\/11\/34A1B2DA-AC47-42D9-83B3-3D4F9F20A559.png?resize=200%2C200&amp;ssl=1 200w, https:\/\/i0.wp.com\/abramsmuehle.de\/wp-content\/uploads\/2021\/11\/34A1B2DA-AC47-42D9-83B3-3D4F9F20A559.png?zoom=2&amp;resize=150%2C150&amp;ssl=1 300w, https:\/\/i0.wp.com\/abramsmuehle.de\/wp-content\/uploads\/2021\/11\/34A1B2DA-AC47-42D9-83B3-3D4F9F20A559.png?zoom=3&amp;resize=150%2C150&amp;ssl=1 450w\" sizes=\"auto, (max-width: 150px) 100vw, 150px\" \/><figcaption class=\"wp-element-caption\">MAIK<\/figcaption><\/figure>\n<\/div>\n\n<div class=\"wp-block-image is-style-default\">\n<figure class=\"alignleft size-thumbnail is-resized\"><img data-recalc-dims=\"1\" decoding=\"async\" data-attachment-id=\"1679\" data-permalink=\"https:\/\/abramsmuehle.de\/?attachment_id=1679\" data-orig-file=\"https:\/\/i0.wp.com\/abramsmuehle.de\/wp-content\/uploads\/2023\/03\/Michaela-Garten.png?fit=532%2C640&amp;ssl=1\" data-orig-size=\"532,640\" data-comments-opened=\"1\" data-image-meta=\"{&quot;aperture&quot;:&quot;0&quot;,&quot;credit&quot;:&quot;&quot;,&quot;camera&quot;:&quot;&quot;,&quot;caption&quot;:&quot;&quot;,&quot;created_timestamp&quot;:&quot;0&quot;,&quot;copyright&quot;:&quot;&quot;,&quot;focal_length&quot;:&quot;0&quot;,&quot;iso&quot;:&quot;0&quot;,&quot;shutter_speed&quot;:&quot;0&quot;,&quot;title&quot;:&quot;&quot;,&quot;orientation&quot;:&quot;0&quot;}\" data-image-title=\"Michaela-Garten\" data-image-description=\"\" data-image-caption=\"\" data-large-file=\"https:\/\/i0.wp.com\/abramsmuehle.de\/wp-content\/uploads\/2023\/03\/Michaela-Garten.png?fit=532%2C640&amp;ssl=1\" src=\"https:\/\/i0.wp.com\/abramsmuehle.de\/wp-content\/uploads\/2023\/03\/Michaela-Garten-150x150.png?w=150&#038;ssl=1\" alt=\"\" class=\"wp-image-1679\"  srcset=\"https:\/\/i0.wp.com\/abramsmuehle.de\/wp-content\/uploads\/2023\/03\/Michaela-Garten.png?resize=150%2C150&amp;ssl=1 150w, https:\/\/i0.wp.com\/abramsmuehle.de\/wp-content\/uploads\/2023\/03\/Michaela-Garten.png?resize=400%2C400&amp;ssl=1 400w, https:\/\/i0.wp.com\/abramsmuehle.de\/wp-content\/uploads\/2023\/03\/Michaela-Garten.png?resize=200%2C200&amp;ssl=1 200w, https:\/\/i0.wp.com\/abramsmuehle.de\/wp-content\/uploads\/2023\/03\/Michaela-Garten.png?zoom=2&amp;resize=150%2C150&amp;ssl=1 300w, https:\/\/i0.wp.com\/abramsmuehle.de\/wp-content\/uploads\/2023\/03\/Michaela-Garten.png?zoom=3&amp;resize=150%2C150&amp;ssl=1 450w\" sizes=\"(max-width: 150px) 100vw, 150px\" \/><figcaption class=\"wp-element-caption\">MICHAELA<\/figcaption><\/figure>\n<\/div>\n\n\n<p><\/p>\n\n\n\n<p><\/p>\n","protected":false},"excerpt":{"rendered":"<p>Bei uns findest Du verschiedene Hilfsmittel zur Gartengestaltung, Unkrautbek\u00e4mpfung sowie Garten- und Blumenpflege. Im Bereich Pflanzenschutz stehen wir Dir mit unserem geschulten Personal zur Seite! Anhand von Blattproben k\u00f6nnen wir Schadursachen erkennen und dabei helfen diese zu bek\u00e4mpfen. Schwere F\u00e4lle senden wir ins Labor zur kostenlosen Analyse. Garten mit Teich? Bei und bekommt Ihr Produkte<a class=\"more-link\" href=\"https:\/\/abramsmuehle.de\/?page_id=655\"><span class=\"screen-reader-text\">&#8222;Garten\/Haus\/Teich&#8220;<\/span> weiterlesen<\/a><\/p>\n","protected":false},"author":174376882,"featured_media":0,"parent":0,"menu_order":0,"comment_status":"closed","ping_status":"closed","template":"","meta":{"_coblocks_attr":"","_coblocks_dimensions":"","_coblocks_responsive_height":"","_coblocks_accordion_ie_support":"","sfsi_plus_gutenberg_text_before_share":"","sfsi_plus_gutenberg_show_text_before_share":"","sfsi_plus_gutenberg_icon_type":"","sfsi_plus_gutenberg_icon_alignemt":"","sfsi_plus_gutenburg_max_per_row":"","advanced_seo_description":"","jetpack_seo_html_title":"","jetpack_seo_noindex":false,"_joinchat":[],"footnotes":""},"class_list":["post-655","page","type-page","status-publish","hentry","entry"],"jetpack_likes_enabled":false,"jetpack_sharing_enabled":false,"jetpack_shortlink":"https:\/\/wp.me\/PbAD4a-az","_links":{"self":[{"href":"https:\/\/abramsmuehle.de\/index.php?rest_route=\/wp\/v2\/pages\/655","targetHints":{"allow":["GET"]}}],"collection":[{"href":"https:\/\/abramsmuehle.de\/index.php?rest_route=\/wp\/v2\/pages"}],"about":[{"href":"https:\/\/abramsmuehle.de\/index.php?rest_route=\/wp\/v2\/types\/page"}],"author":[{"embeddable":true,"href":"https:\/\/abramsmuehle.de\/index.php?rest_route=\/wp\/v2\/users\/174376882"}],"replies":[{"embeddable":true,"href":"https:\/\/abramsmuehle.de\/index.php?rest_route=%2Fwp%2Fv2%2Fcomments&post=655"}],"version-history":[{"count":20,"href":"https:\/\/abramsmuehle.de\/index.php?rest_route=\/wp\/v2\/pages\/655\/revisions"}],"predecessor-version":[{"id":1729,"href":"https:\/\/abramsmuehle.de\/index.php?rest_route=\/wp\/v2\/pages\/655\/revisions\/1729"}],"wp:attachment":[{"href":"https:\/\/abramsmuehle.de\/index.php?rest_route=%2Fwp%2Fv2%2Fmedia&parent=655"}],"curies":[{"name":"wp","href":"https:\/\/api.w.org\/{rel}","templated":true}]}}