{"id":648,"date":"2020-02-13T09:41:35","date_gmt":"2020-02-13T08:41:35","guid":{"rendered":"https:\/\/abramsmuehle.de\/?page_id=648"},"modified":"2024-09-03T09:55:04","modified_gmt":"2024-09-03T07:55:04","slug":"pferdesport","status":"publish","type":"page","link":"https:\/\/abramsmuehle.de\/?page_id=648","title":{"rendered":"Pferdesport"},"content":{"rendered":"<div class=\"wp-block-image is-style-default\">\n<figure class=\"aligncenter size-full is-resized\"><img data-recalc-dims=\"1\" loading=\"lazy\" decoding=\"async\" width=\"750\" height=\"648\" data-attachment-id=\"481\" data-permalink=\"https:\/\/abramsmuehle.de\/?attachment_id=481\" data-orig-file=\"https:\/\/i0.wp.com\/abramsmuehle.de\/wp-content\/uploads\/2020\/02\/9F62DE4A-8E88-4281-9A73-B65F17054C6D-2.jpeg?fit=960%2C830&amp;ssl=1\" data-orig-size=\"960,830\" data-comments-opened=\"1\" data-image-meta=\"{&quot;aperture&quot;:&quot;0&quot;,&quot;credit&quot;:&quot;&quot;,&quot;camera&quot;:&quot;&quot;,&quot;caption&quot;:&quot;&quot;,&quot;created_timestamp&quot;:&quot;0&quot;,&quot;copyright&quot;:&quot;&quot;,&quot;focal_length&quot;:&quot;0&quot;,&quot;iso&quot;:&quot;0&quot;,&quot;shutter_speed&quot;:&quot;0&quot;,&quot;title&quot;:&quot;&quot;,&quot;orientation&quot;:&quot;1&quot;}\" data-image-title=\"9F62DE4A-8E88-4281-9A73-B65F17054C6D\" data-image-description=\"\" data-image-caption=\"\" data-large-file=\"https:\/\/i0.wp.com\/abramsmuehle.de\/wp-content\/uploads\/2020\/02\/9F62DE4A-8E88-4281-9A73-B65F17054C6D-2.jpeg?fit=750%2C648&amp;ssl=1\" src=\"https:\/\/i0.wp.com\/abramsmuehle.de\/wp-content\/uploads\/2020\/02\/9F62DE4A-8E88-4281-9A73-B65F17054C6D-2.jpeg?resize=750%2C648&#038;ssl=1\" alt=\"\" class=\"wp-image-481\" style=\"width:480px;height:415px\" srcset=\"https:\/\/i0.wp.com\/abramsmuehle.de\/wp-content\/uploads\/2020\/02\/9F62DE4A-8E88-4281-9A73-B65F17054C6D-2.jpeg?w=960&amp;ssl=1 960w, https:\/\/i0.wp.com\/abramsmuehle.de\/wp-content\/uploads\/2020\/02\/9F62DE4A-8E88-4281-9A73-B65F17054C6D-2.jpeg?resize=300%2C259&amp;ssl=1 300w, https:\/\/i0.wp.com\/abramsmuehle.de\/wp-content\/uploads\/2020\/02\/9F62DE4A-8E88-4281-9A73-B65F17054C6D-2.jpeg?resize=768%2C664&amp;ssl=1 768w\" sizes=\"auto, (max-width: 750px) 100vw, 750px\" \/><\/figure>\n<\/div>\n\n\n<p class=\"has-text-align-center\">Lass Dich von unserem umfangreichen Angebot \u00fcberraschen! Gro\u00dfe Auswahl an Leckerlies vorr\u00e4tig! Aber auch Reit- sowie Pferdepflegezubeh\u00f6r und Sturzhelme findest Du bei uns!<\/p>\n\n\n\n<figure class=\"wp-block-gallery aligncenter has-nested-images columns-default is-cropped wp-block-gallery-1 is-layout-flex wp-block-gallery-is-layout-flex\">\n<figure class=\"wp-block-image size-large\"><img data-recalc-dims=\"1\" loading=\"lazy\" decoding=\"async\" width=\"580\" height=\"960\" data-attachment-id=\"880\" data-permalink=\"https:\/\/abramsmuehle.de\/?attachment_id=880\" data-orig-file=\"https:\/\/i0.wp.com\/abramsmuehle.de\/wp-content\/uploads\/2020\/02\/Image-1-14-1.jpg?fit=580%2C960&amp;ssl=1\" data-orig-size=\"580,960\" data-comments-opened=\"1\" data-image-meta=\"{&quot;aperture&quot;:&quot;0&quot;,&quot;credit&quot;:&quot;&quot;,&quot;camera&quot;:&quot;&quot;,&quot;caption&quot;:&quot;&quot;,&quot;created_timestamp&quot;:&quot;0&quot;,&quot;copyright&quot;:&quot;&quot;,&quot;focal_length&quot;:&quot;0&quot;,&quot;iso&quot;:&quot;0&quot;,&quot;shutter_speed&quot;:&quot;0&quot;,&quot;title&quot;:&quot;&quot;,&quot;orientation&quot;:&quot;1&quot;}\" data-image-title=\"Image-1-14-1\" data-image-description=\"\" data-image-caption=\"\" data-large-file=\"https:\/\/i0.wp.com\/abramsmuehle.de\/wp-content\/uploads\/2020\/02\/Image-1-14-1.jpg?fit=580%2C960&amp;ssl=1\" data-id=\"880\" src=\"https:\/\/i0.wp.com\/abramsmuehle.de\/wp-content\/uploads\/2020\/02\/Image-1-14-1.jpg?resize=580%2C960&#038;ssl=1\" alt=\"\" class=\"wp-image-880\" srcset=\"https:\/\/i0.wp.com\/abramsmuehle.de\/wp-content\/uploads\/2020\/02\/Image-1-14-1.jpg?w=580&amp;ssl=1 580w, https:\/\/i0.wp.com\/abramsmuehle.de\/wp-content\/uploads\/2020\/02\/Image-1-14-1.jpg?resize=181%2C300&amp;ssl=1 181w\" sizes=\"auto, (max-width: 580px) 100vw, 580px\" \/><figcaption class=\"wp-element-caption\">LOLA<\/figcaption><\/figure>\n\n\n\n<figure class=\"wp-block-image size-large\"><img data-recalc-dims=\"1\" loading=\"lazy\" decoding=\"async\" width=\"640\" height=\"960\" data-attachment-id=\"881\" data-permalink=\"https:\/\/abramsmuehle.de\/?attachment_id=881\" data-orig-file=\"https:\/\/i0.wp.com\/abramsmuehle.de\/wp-content\/uploads\/2020\/02\/Image-1-15-1.jpg?fit=640%2C960&amp;ssl=1\" data-orig-size=\"640,960\" data-comments-opened=\"1\" data-image-meta=\"{&quot;aperture&quot;:&quot;0&quot;,&quot;credit&quot;:&quot;&quot;,&quot;camera&quot;:&quot;&quot;,&quot;caption&quot;:&quot;&quot;,&quot;created_timestamp&quot;:&quot;0&quot;,&quot;copyright&quot;:&quot;&quot;,&quot;focal_length&quot;:&quot;0&quot;,&quot;iso&quot;:&quot;0&quot;,&quot;shutter_speed&quot;:&quot;0&quot;,&quot;title&quot;:&quot;&quot;,&quot;orientation&quot;:&quot;1&quot;}\" data-image-title=\"Image-1-15-1\" data-image-description=\"\" data-image-caption=\"\" data-large-file=\"https:\/\/i0.wp.com\/abramsmuehle.de\/wp-content\/uploads\/2020\/02\/Image-1-15-1.jpg?fit=640%2C960&amp;ssl=1\" data-id=\"881\" src=\"https:\/\/i0.wp.com\/abramsmuehle.de\/wp-content\/uploads\/2020\/02\/Image-1-15-1.jpg?resize=640%2C960&#038;ssl=1\" alt=\"\" class=\"wp-image-881\" srcset=\"https:\/\/i0.wp.com\/abramsmuehle.de\/wp-content\/uploads\/2020\/02\/Image-1-15-1.jpg?w=640&amp;ssl=1 640w, https:\/\/i0.wp.com\/abramsmuehle.de\/wp-content\/uploads\/2020\/02\/Image-1-15-1.jpg?resize=200%2C300&amp;ssl=1 200w\" sizes=\"auto, (max-width: 640px) 100vw, 640px\" \/><figcaption class=\"wp-element-caption\">BUDDY<\/figcaption><\/figure>\n<\/figure>\n\n\n\n<p class=\"has-text-align-center\"><strong>Lola und Buddy<\/strong> &#8211; kompetentes Vorkosterteam (Au\u00dfendienst) &#8211; Schwerpunkt Leckerlies und Futter<\/p>\n\n\n\n<p><\/p>\n\n\n<div class=\"wp-block-image is-style-default\">\n<figure class=\"aligncenter size-full is-resized\"><img data-recalc-dims=\"1\" loading=\"lazy\" decoding=\"async\" width=\"728\" height=\"960\" data-attachment-id=\"493\" data-permalink=\"https:\/\/abramsmuehle.de\/?attachment_id=493\" data-orig-file=\"https:\/\/i0.wp.com\/abramsmuehle.de\/wp-content\/uploads\/2020\/02\/E74A0820-2B88-4772-B411-4441DDE71C9D.jpeg?fit=728%2C960&amp;ssl=1\" data-orig-size=\"728,960\" data-comments-opened=\"1\" data-image-meta=\"{&quot;aperture&quot;:&quot;0&quot;,&quot;credit&quot;:&quot;&quot;,&quot;camera&quot;:&quot;&quot;,&quot;caption&quot;:&quot;&quot;,&quot;created_timestamp&quot;:&quot;0&quot;,&quot;copyright&quot;:&quot;&quot;,&quot;focal_length&quot;:&quot;0&quot;,&quot;iso&quot;:&quot;0&quot;,&quot;shutter_speed&quot;:&quot;0&quot;,&quot;title&quot;:&quot;&quot;,&quot;orientation&quot;:&quot;1&quot;}\" data-image-title=\"E74A0820-2B88-4772-B411-4441DDE71C9D\" data-image-description=\"\" data-image-caption=\"\" data-large-file=\"https:\/\/i0.wp.com\/abramsmuehle.de\/wp-content\/uploads\/2020\/02\/E74A0820-2B88-4772-B411-4441DDE71C9D.jpeg?fit=728%2C960&amp;ssl=1\" src=\"https:\/\/i0.wp.com\/abramsmuehle.de\/wp-content\/uploads\/2020\/02\/E74A0820-2B88-4772-B411-4441DDE71C9D.jpeg?resize=728%2C960&#038;ssl=1\" alt=\"\" class=\"wp-image-493\" style=\"width:364px;height:480px\" srcset=\"https:\/\/i0.wp.com\/abramsmuehle.de\/wp-content\/uploads\/2020\/02\/E74A0820-2B88-4772-B411-4441DDE71C9D.jpeg?w=728&amp;ssl=1 728w, https:\/\/i0.wp.com\/abramsmuehle.de\/wp-content\/uploads\/2020\/02\/E74A0820-2B88-4772-B411-4441DDE71C9D.jpeg?resize=228%2C300&amp;ssl=1 228w\" sizes=\"auto, (max-width: 728px) 100vw, 728px\" \/><\/figure>\n<\/div>\n\n\n<p class=\"has-text-align-center\"><strong>Petra<\/strong> hilft Dir auch hier! Selbst Pferdebesitzerin (Team Lola), kann sie Dir Fragen rund um F\u00fctterung usw. beantworten!<\/p>\n\n\n<div class=\"wp-block-image\">\n<figure class=\"aligncenter size-full is-resized\"><img data-recalc-dims=\"1\" loading=\"lazy\" decoding=\"async\" width=\"750\" height=\"761\" data-attachment-id=\"1306\" data-permalink=\"https:\/\/abramsmuehle.de\/?attachment_id=1306\" data-orig-file=\"https:\/\/i0.wp.com\/abramsmuehle.de\/wp-content\/uploads\/2021\/12\/Unknown.jpeg?fit=946%2C960&amp;ssl=1\" data-orig-size=\"946,960\" data-comments-opened=\"1\" data-image-meta=\"{&quot;aperture&quot;:&quot;0&quot;,&quot;credit&quot;:&quot;&quot;,&quot;camera&quot;:&quot;&quot;,&quot;caption&quot;:&quot;&quot;,&quot;created_timestamp&quot;:&quot;1639219194&quot;,&quot;copyright&quot;:&quot;&quot;,&quot;focal_length&quot;:&quot;0&quot;,&quot;iso&quot;:&quot;0&quot;,&quot;shutter_speed&quot;:&quot;0&quot;,&quot;title&quot;:&quot;&quot;,&quot;orientation&quot;:&quot;1&quot;}\" data-image-title=\"Unknown\" data-image-description=\"\" data-image-caption=\"&lt;p&gt;sdfsdf&lt;\/p&gt;\n\" data-large-file=\"https:\/\/i0.wp.com\/abramsmuehle.de\/wp-content\/uploads\/2021\/12\/Unknown.jpeg?fit=750%2C761&amp;ssl=1\" src=\"https:\/\/i0.wp.com\/abramsmuehle.de\/wp-content\/uploads\/2021\/12\/Unknown.jpeg?resize=750%2C761&#038;ssl=1\" alt=\"\" class=\"wp-image-1306\" style=\"width:473px;height:480px\" srcset=\"https:\/\/i0.wp.com\/abramsmuehle.de\/wp-content\/uploads\/2021\/12\/Unknown.jpeg?w=946&amp;ssl=1 946w, https:\/\/i0.wp.com\/abramsmuehle.de\/wp-content\/uploads\/2021\/12\/Unknown.jpeg?resize=296%2C300&amp;ssl=1 296w, https:\/\/i0.wp.com\/abramsmuehle.de\/wp-content\/uploads\/2021\/12\/Unknown.jpeg?resize=768%2C779&amp;ssl=1 768w\" sizes=\"auto, (max-width: 750px) 100vw, 750px\" \/><\/figure>\n<\/div>\n\n\n<p class=\"has-text-align-center\"><\/p>\n\n\n\n<p class=\"has-text-align-center\">Unsere zweite <strong>Petra<\/strong> freut sich auch hier auf Euren Besuch!<\/p>\n\n\n\n<p><\/p>\n","protected":false},"excerpt":{"rendered":"<p>Lass Dich von unserem umfangreichen Angebot \u00fcberraschen! Gro\u00dfe Auswahl an Leckerlies vorr\u00e4tig! Aber auch Reit- sowie Pferdepflegezubeh\u00f6r und Sturzhelme findest Du bei uns! Lola und Buddy &#8211; kompetentes Vorkosterteam (Au\u00dfendienst) &#8211; Schwerpunkt Leckerlies und Futter Petra hilft Dir auch hier! Selbst Pferdebesitzerin (Team Lola), kann sie Dir Fragen rund um F\u00fctterung usw. beantworten! Unsere zweite<a class=\"more-link\" href=\"https:\/\/abramsmuehle.de\/?page_id=648\"><span class=\"screen-reader-text\">&#8222;Pferdesport&#8220;<\/span> weiterlesen<\/a><\/p>\n","protected":false},"author":174376882,"featured_media":0,"parent":0,"menu_order":0,"comment_status":"closed","ping_status":"closed","template":"","meta":{"_coblocks_attr":"","_coblocks_dimensions":"","_coblocks_responsive_height":"","_coblocks_accordion_ie_support":"","sfsi_plus_gutenberg_text_before_share":"","sfsi_plus_gutenberg_show_text_before_share":"","sfsi_plus_gutenberg_icon_type":"","sfsi_plus_gutenberg_icon_alignemt":"","sfsi_plus_gutenburg_max_per_row":"","advanced_seo_description":"","jetpack_seo_html_title":"","jetpack_seo_noindex":false,"_joinchat":[],"footnotes":""},"class_list":["post-648","page","type-page","status-publish","hentry","entry"],"jetpack_likes_enabled":false,"jetpack_sharing_enabled":false,"jetpack_shortlink":"https:\/\/wp.me\/PbAD4a-as","_links":{"self":[{"href":"https:\/\/abramsmuehle.de\/index.php?rest_route=\/wp\/v2\/pages\/648","targetHints":{"allow":["GET"]}}],"collection":[{"href":"https:\/\/abramsmuehle.de\/index.php?rest_route=\/wp\/v2\/pages"}],"about":[{"href":"https:\/\/abramsmuehle.de\/index.php?rest_route=\/wp\/v2\/types\/page"}],"author":[{"embeddable":true,"href":"https:\/\/abramsmuehle.de\/index.php?rest_route=\/wp\/v2\/users\/174376882"}],"replies":[{"embeddable":true,"href":"https:\/\/abramsmuehle.de\/index.php?rest_route=%2Fwp%2Fv2%2Fcomments&post=648"}],"version-history":[{"count":12,"href":"https:\/\/abramsmuehle.de\/index.php?rest_route=\/wp\/v2\/pages\/648\/revisions"}],"predecessor-version":[{"id":2054,"href":"https:\/\/abramsmuehle.de\/index.php?rest_route=\/wp\/v2\/pages\/648\/revisions\/2054"}],"wp:attachment":[{"href":"https:\/\/abramsmuehle.de\/index.php?rest_route=%2Fwp%2Fv2%2Fmedia&parent=648"}],"curies":[{"name":"wp","href":"https:\/\/api.w.org\/{rel}","templated":true}]}}