{"id":1079,"date":"2021-01-27T12:24:59","date_gmt":"2021-01-27T11:24:59","guid":{"rendered":"https:\/\/abramsmuehle.de\/?page_id=1079"},"modified":"2021-02-09T13:58:30","modified_gmt":"2021-02-09T12:58:30","slug":"historie-der-abrams-muehle-aus-papenburg","status":"publish","type":"page","link":"https:\/\/abramsmuehle.de\/?page_id=1079","title":{"rendered":"Historie der Abrams M\u00fchle aus Papenburg&#8230;"},"content":{"rendered":"\n<div class=\"wp-block-image is-style-default\"><figure class=\"aligncenter size-large is-resized\"><img data-recalc-dims=\"1\" loading=\"lazy\" decoding=\"async\" data-attachment-id=\"1144\" data-permalink=\"https:\/\/abramsmuehle.de\/?attachment_id=1144\" data-orig-file=\"https:\/\/i0.wp.com\/abramsmuehle.de\/wp-content\/uploads\/2021\/01\/Mu%CC%88hle-mit-Haus-vor-dem-1.-Weltkrieg-ca.-1910.jpg?fit=640%2C483&amp;ssl=1\" data-orig-size=\"640,483\" data-comments-opened=\"1\" data-image-meta=\"{&quot;aperture&quot;:&quot;1.8&quot;,&quot;credit&quot;:&quot;&quot;,&quot;camera&quot;:&quot;iPhone 11&quot;,&quot;caption&quot;:&quot;&quot;,&quot;created_timestamp&quot;:&quot;1611746319&quot;,&quot;copyright&quot;:&quot;&quot;,&quot;focal_length&quot;:&quot;4.25&quot;,&quot;iso&quot;:&quot;320&quot;,&quot;shutter_speed&quot;:&quot;0.02&quot;,&quot;title&quot;:&quot;&quot;,&quot;orientation&quot;:&quot;1&quot;}\" data-image-title=\"Mu\u0308hle-mit-Haus-vor-dem-1.-Weltkrieg-ca.-1910\" data-image-description=\"\" data-image-caption=\"\" data-large-file=\"https:\/\/i0.wp.com\/abramsmuehle.de\/wp-content\/uploads\/2021\/01\/Mu%CC%88hle-mit-Haus-vor-dem-1.-Weltkrieg-ca.-1910.jpg?fit=640%2C483&amp;ssl=1\" src=\"https:\/\/i0.wp.com\/abramsmuehle.de\/wp-content\/uploads\/2021\/01\/M%C3%BChle-mit-Haus-vor-dem-1.-Weltkrieg-ca.-1910.jpg?resize=480%2C362&#038;ssl=1\" alt=\"\" class=\"wp-image-1144\" width=\"480\" height=\"362\"\/><figcaption>Wohnhaus mit M\u00fchle vor dem ersten Weltkrieg (ca. 1910)<\/figcaption><\/figure><\/div>\n\n\n\n<div class=\"wp-block-group\"><div class=\"wp-block-group__inner-container is-layout-flow wp-block-group-is-layout-flow\">\n<p class=\"has-text-align-center\">Manchmal muss man etwas wagen; so wie Gerhard Abrams, Schiffskapit\u00e4n aus Papenburg! Er kehrte der Schifffahrt im Jahr 1880, wegen schlechter Gesch\u00e4fte den R\u00fccken. Um seine Familie zu ern\u00e4hren, lie\u00df er am Obenende in der Uml\u00e4nderwiek eine Windm\u00fchle bauen und wurde M\u00fcller. <\/p>\n\n\n\n<p class=\"has-text-align-center\" style=\"font-size:14px\">( Leider liegt uns von G. Abrams kein Bild vor)<\/p>\n<\/div><\/div>\n\n\n\n<div class=\"wp-block-group\"><div class=\"wp-block-group__inner-container is-layout-flow wp-block-group-is-layout-flow\">\n<figure class=\"wp-block-gallery columns-2 is-cropped wp-block-gallery-1 is-layout-flex wp-block-gallery-is-layout-flex\"><ul class=\"blocks-gallery-grid\"><li class=\"blocks-gallery-item\"><figure><img data-recalc-dims=\"1\" loading=\"lazy\" decoding=\"async\" width=\"750\" height=\"496\" data-attachment-id=\"1126\" data-permalink=\"https:\/\/abramsmuehle.de\/?attachment_id=1126\" data-orig-file=\"https:\/\/i0.wp.com\/abramsmuehle.de\/wp-content\/uploads\/2021\/01\/Bau-der-Muehle-2.jpg?fit=1392%2C920&amp;ssl=1\" data-orig-size=\"1392,920\" data-comments-opened=\"1\" data-image-meta=\"{&quot;aperture&quot;:&quot;1.8&quot;,&quot;credit&quot;:&quot;&quot;,&quot;camera&quot;:&quot;iPhone 11&quot;,&quot;caption&quot;:&quot;&quot;,&quot;created_timestamp&quot;:&quot;1611144553&quot;,&quot;copyright&quot;:&quot;&quot;,&quot;focal_length&quot;:&quot;4.25&quot;,&quot;iso&quot;:&quot;200&quot;,&quot;shutter_speed&quot;:&quot;0.02&quot;,&quot;title&quot;:&quot;&quot;,&quot;orientation&quot;:&quot;1&quot;}\" data-image-title=\"Bau-der-Muehle-2\" data-image-description=\"\" data-image-caption=\"\" data-large-file=\"https:\/\/i0.wp.com\/abramsmuehle.de\/wp-content\/uploads\/2021\/01\/Bau-der-Muehle-2.jpg?fit=750%2C496&amp;ssl=1\" src=\"https:\/\/i0.wp.com\/abramsmuehle.de\/wp-content\/uploads\/2021\/01\/Bau-der-Muehle-2.jpg?resize=750%2C496&#038;ssl=1\" alt=\"\" data-id=\"1126\" data-link=\"https:\/\/abramsmuehle.de\/?attachment_id=1126\" class=\"wp-image-1126\" srcset=\"https:\/\/i0.wp.com\/abramsmuehle.de\/wp-content\/uploads\/2021\/01\/Bau-der-Muehle-2.jpg?resize=1024%2C677&amp;ssl=1 1024w, https:\/\/i0.wp.com\/abramsmuehle.de\/wp-content\/uploads\/2021\/01\/Bau-der-Muehle-2.jpg?resize=300%2C198&amp;ssl=1 300w, https:\/\/i0.wp.com\/abramsmuehle.de\/wp-content\/uploads\/2021\/01\/Bau-der-Muehle-2.jpg?resize=768%2C508&amp;ssl=1 768w, https:\/\/i0.wp.com\/abramsmuehle.de\/wp-content\/uploads\/2021\/01\/Bau-der-Muehle-2.jpg?resize=1200%2C793&amp;ssl=1 1200w, https:\/\/i0.wp.com\/abramsmuehle.de\/wp-content\/uploads\/2021\/01\/Bau-der-Muehle-2.jpg?w=1392&amp;ssl=1 1392w\" sizes=\"auto, (max-width: 750px) 100vw, 750px\" \/><\/figure><\/li><li class=\"blocks-gallery-item\"><figure><img data-recalc-dims=\"1\" loading=\"lazy\" decoding=\"async\" width=\"750\" height=\"529\" data-attachment-id=\"1127\" data-permalink=\"https:\/\/abramsmuehle.de\/?attachment_id=1127\" data-orig-file=\"https:\/\/i0.wp.com\/abramsmuehle.de\/wp-content\/uploads\/2021\/01\/Bau-fertig-2.jpg?fit=1383%2C975&amp;ssl=1\" data-orig-size=\"1383,975\" data-comments-opened=\"1\" data-image-meta=\"{&quot;aperture&quot;:&quot;1.8&quot;,&quot;credit&quot;:&quot;&quot;,&quot;camera&quot;:&quot;iPhone 11&quot;,&quot;caption&quot;:&quot;&quot;,&quot;created_timestamp&quot;:&quot;1611144637&quot;,&quot;copyright&quot;:&quot;&quot;,&quot;focal_length&quot;:&quot;4.25&quot;,&quot;iso&quot;:&quot;200&quot;,&quot;shutter_speed&quot;:&quot;0.02&quot;,&quot;title&quot;:&quot;&quot;,&quot;orientation&quot;:&quot;1&quot;}\" data-image-title=\"Bau-fertig-2\" data-image-description=\"\" data-image-caption=\"\" data-large-file=\"https:\/\/i0.wp.com\/abramsmuehle.de\/wp-content\/uploads\/2021\/01\/Bau-fertig-2.jpg?fit=750%2C529&amp;ssl=1\" src=\"https:\/\/i0.wp.com\/abramsmuehle.de\/wp-content\/uploads\/2021\/01\/Bau-fertig-2.jpg?resize=750%2C529&#038;ssl=1\" alt=\"\" data-id=\"1127\" data-full-url=\"https:\/\/abramsmuehle.de\/wp-content\/uploads\/2021\/01\/Bau-fertig-2.jpg\" data-link=\"https:\/\/abramsmuehle.de\/?attachment_id=1127\" class=\"wp-image-1127\" srcset=\"https:\/\/i0.wp.com\/abramsmuehle.de\/wp-content\/uploads\/2021\/01\/Bau-fertig-2.jpg?resize=1024%2C722&amp;ssl=1 1024w, https:\/\/i0.wp.com\/abramsmuehle.de\/wp-content\/uploads\/2021\/01\/Bau-fertig-2.jpg?resize=300%2C211&amp;ssl=1 300w, https:\/\/i0.wp.com\/abramsmuehle.de\/wp-content\/uploads\/2021\/01\/Bau-fertig-2.jpg?resize=768%2C541&amp;ssl=1 768w, https:\/\/i0.wp.com\/abramsmuehle.de\/wp-content\/uploads\/2021\/01\/Bau-fertig-2.jpg?resize=1200%2C846&amp;ssl=1 1200w, https:\/\/i0.wp.com\/abramsmuehle.de\/wp-content\/uploads\/2021\/01\/Bau-fertig-2.jpg?w=1383&amp;ssl=1 1383w\" sizes=\"auto, (max-width: 750px) 100vw, 750px\" \/><\/figure><\/li><\/ul><figcaption class=\"blocks-gallery-caption\">Ca. 1920 wird der Landhandel erweitert<\/figcaption><\/figure>\n\n\n\n<p class=\"has-text-align-center\">Die Gesch\u00e4fte liefen gut und um das Jahr 1920 herum wurde der Landhandel vergr\u00f6\u00dfert!<\/p>\n<\/div><\/div>\n\n\n\n<p class=\"has-text-align-center\">Sein Sohn Johannes Abrams \u00fcbernahm sp\u00e4ter das Gesch\u00e4ft <\/p>\n\n\n\n<div class=\"wp-block-image\"><figure class=\"aligncenter size-medium\"><img data-recalc-dims=\"1\" loading=\"lazy\" decoding=\"async\" width=\"217\" height=\"300\" data-attachment-id=\"1135\" data-permalink=\"https:\/\/abramsmuehle.de\/?attachment_id=1135\" data-orig-file=\"https:\/\/i0.wp.com\/abramsmuehle.de\/wp-content\/uploads\/2021\/01\/Johannes-Abrams-6.jpg?fit=470%2C650&amp;ssl=1\" data-orig-size=\"470,650\" data-comments-opened=\"1\" data-image-meta=\"{&quot;aperture&quot;:&quot;1.8&quot;,&quot;credit&quot;:&quot;&quot;,&quot;camera&quot;:&quot;iPhone 11&quot;,&quot;caption&quot;:&quot;&quot;,&quot;created_timestamp&quot;:&quot;1611144881&quot;,&quot;copyright&quot;:&quot;&quot;,&quot;focal_length&quot;:&quot;4.25&quot;,&quot;iso&quot;:&quot;100&quot;,&quot;shutter_speed&quot;:&quot;0.02&quot;,&quot;title&quot;:&quot;&quot;,&quot;orientation&quot;:&quot;1&quot;}\" data-image-title=\"Johannes-Abrams-6\" data-image-description=\"\" data-image-caption=\"\" data-large-file=\"https:\/\/i0.wp.com\/abramsmuehle.de\/wp-content\/uploads\/2021\/01\/Johannes-Abrams-6.jpg?fit=470%2C650&amp;ssl=1\" src=\"https:\/\/i0.wp.com\/abramsmuehle.de\/wp-content\/uploads\/2021\/01\/Johannes-Abrams-6.jpg?resize=217%2C300&#038;ssl=1\" alt=\"\" class=\"wp-image-1135\" srcset=\"https:\/\/i0.wp.com\/abramsmuehle.de\/wp-content\/uploads\/2021\/01\/Johannes-Abrams-6.jpg?resize=217%2C300&amp;ssl=1 217w, https:\/\/i0.wp.com\/abramsmuehle.de\/wp-content\/uploads\/2021\/01\/Johannes-Abrams-6.jpg?w=470&amp;ssl=1 470w\" sizes=\"auto, (max-width: 217px) 100vw, 217px\" \/><figcaption>Johannes Abrams<\/figcaption><\/figure><\/div>\n\n\n\n<div class=\"wp-block-image is-style-default\"><figure class=\"aligncenter size-large is-resized\"><img data-recalc-dims=\"1\" loading=\"lazy\" decoding=\"async\" data-attachment-id=\"1142\" data-permalink=\"https:\/\/abramsmuehle.de\/?attachment_id=1142\" data-orig-file=\"https:\/\/i0.wp.com\/abramsmuehle.de\/wp-content\/uploads\/2021\/01\/ArbeiterMu%CC%88hlePferd.jpg?fit=493%2C640&amp;ssl=1\" data-orig-size=\"493,640\" data-comments-opened=\"1\" data-image-meta=\"{&quot;aperture&quot;:&quot;1.8&quot;,&quot;credit&quot;:&quot;&quot;,&quot;camera&quot;:&quot;iPhone 11&quot;,&quot;caption&quot;:&quot;&quot;,&quot;created_timestamp&quot;:&quot;1611746971&quot;,&quot;copyright&quot;:&quot;&quot;,&quot;focal_length&quot;:&quot;4.25&quot;,&quot;iso&quot;:&quot;640&quot;,&quot;shutter_speed&quot;:&quot;0.033333333333333&quot;,&quot;title&quot;:&quot;&quot;,&quot;orientation&quot;:&quot;1&quot;}\" data-image-title=\"ArbeiterMu\u0308hlePferd\" data-image-description=\"\" data-image-caption=\"\" data-large-file=\"https:\/\/i0.wp.com\/abramsmuehle.de\/wp-content\/uploads\/2021\/01\/ArbeiterMu%CC%88hlePferd.jpg?fit=493%2C640&amp;ssl=1\" src=\"https:\/\/i0.wp.com\/abramsmuehle.de\/wp-content\/uploads\/2021\/01\/ArbeiterM%C3%BChlePferd.jpg?resize=247%2C320&#038;ssl=1\" alt=\"\" class=\"wp-image-1142\" width=\"247\" height=\"320\"\/><figcaption>reges Treiben herrscht an der M\u00fchle&#8230;<\/figcaption><\/figure><\/div>\n\n\n\n<p class=\"has-text-align-center\"><\/p>\n\n\n\n<div class=\"wp-block-media-text alignwide is-stacked-on-mobile\"><figure class=\"wp-block-media-text__media\"><img data-recalc-dims=\"1\" loading=\"lazy\" decoding=\"async\" width=\"640\" height=\"469\" data-attachment-id=\"1157\" data-permalink=\"https:\/\/abramsmuehle.de\/?attachment_id=1157\" data-orig-file=\"https:\/\/i0.wp.com\/abramsmuehle.de\/wp-content\/uploads\/2021\/01\/Haus-aufgestockt.jpg?fit=640%2C469&amp;ssl=1\" data-orig-size=\"640,469\" data-comments-opened=\"1\" data-image-meta=\"{&quot;aperture&quot;:&quot;1.8&quot;,&quot;credit&quot;:&quot;&quot;,&quot;camera&quot;:&quot;iPhone 11&quot;,&quot;caption&quot;:&quot;&quot;,&quot;created_timestamp&quot;:&quot;1611747055&quot;,&quot;copyright&quot;:&quot;&quot;,&quot;focal_length&quot;:&quot;4.25&quot;,&quot;iso&quot;:&quot;400&quot;,&quot;shutter_speed&quot;:&quot;0.02&quot;,&quot;title&quot;:&quot;&quot;,&quot;orientation&quot;:&quot;1&quot;}\" data-image-title=\"Haus-aufgestockt\" data-image-description=\"\" data-image-caption=\"\" data-large-file=\"https:\/\/i0.wp.com\/abramsmuehle.de\/wp-content\/uploads\/2021\/01\/Haus-aufgestockt.jpg?fit=640%2C469&amp;ssl=1\" src=\"https:\/\/i0.wp.com\/abramsmuehle.de\/wp-content\/uploads\/2021\/01\/Haus-aufgestockt.jpg?resize=640%2C469&#038;ssl=1\" alt=\"\" class=\"wp-image-1157 size-full\" srcset=\"https:\/\/i0.wp.com\/abramsmuehle.de\/wp-content\/uploads\/2021\/01\/Haus-aufgestockt.jpg?w=640&amp;ssl=1 640w, https:\/\/i0.wp.com\/abramsmuehle.de\/wp-content\/uploads\/2021\/01\/Haus-aufgestockt.jpg?resize=300%2C220&amp;ssl=1 300w\" sizes=\"auto, (max-width: 640px) 100vw, 640px\" \/><\/figure><div class=\"wp-block-media-text__content\">\n<p class=\"has-text-align-center has-large-font-size\">Um 1928 wurde das Wohnhaus der Familie Abrams aufgestockt&#8230;<\/p>\n<\/div><\/div>\n\n\n\n<p><\/p>\n\n\n\n<p class=\"has-text-align-center\">Das obere Stockwerk der M\u00fchle wurde 1948 abgebaut.<\/p>\n\n\n\n<p><\/p>\n\n\n\n<p class=\"has-text-align-center\">In der 3. Generation f\u00fchrte Gerhard Abrams das Gesch\u00e4ft, von 1955 bis zu seinem Tod 1970 weiter.<\/p>\n\n\n\n<div class=\"wp-block-image is-style-default\"><figure class=\"aligncenter size-large is-resized\"><img data-recalc-dims=\"1\" loading=\"lazy\" decoding=\"async\" data-attachment-id=\"1160\" data-permalink=\"https:\/\/abramsmuehle.de\/?attachment_id=1160\" data-orig-file=\"https:\/\/i0.wp.com\/abramsmuehle.de\/wp-content\/uploads\/2021\/01\/Gerhard-Abrams.jpg?fit=438%2C640&amp;ssl=1\" data-orig-size=\"438,640\" data-comments-opened=\"1\" data-image-meta=\"{&quot;aperture&quot;:&quot;1.8&quot;,&quot;credit&quot;:&quot;&quot;,&quot;camera&quot;:&quot;iPhone 11&quot;,&quot;caption&quot;:&quot;&quot;,&quot;created_timestamp&quot;:&quot;1611747500&quot;,&quot;copyright&quot;:&quot;&quot;,&quot;focal_length&quot;:&quot;4.25&quot;,&quot;iso&quot;:&quot;200&quot;,&quot;shutter_speed&quot;:&quot;0.02&quot;,&quot;title&quot;:&quot;&quot;,&quot;orientation&quot;:&quot;1&quot;}\" data-image-title=\"Gerhard-Abrams\" data-image-description=\"\" data-image-caption=\"\" data-large-file=\"https:\/\/i0.wp.com\/abramsmuehle.de\/wp-content\/uploads\/2021\/01\/Gerhard-Abrams.jpg?fit=438%2C640&amp;ssl=1\" src=\"https:\/\/i0.wp.com\/abramsmuehle.de\/wp-content\/uploads\/2021\/01\/Gerhard-Abrams.jpg?resize=329%2C480&#038;ssl=1\" alt=\"\" class=\"wp-image-1160\" width=\"329\" height=\"480\" srcset=\"https:\/\/i0.wp.com\/abramsmuehle.de\/wp-content\/uploads\/2021\/01\/Gerhard-Abrams.jpg?w=438&amp;ssl=1 438w, https:\/\/i0.wp.com\/abramsmuehle.de\/wp-content\/uploads\/2021\/01\/Gerhard-Abrams.jpg?resize=205%2C300&amp;ssl=1 205w\" sizes=\"auto, (max-width: 329px) 100vw, 329px\" \/><\/figure><\/div>\n\n\n\n<p class=\"has-text-align-center\"><\/p>\n\n\n\n<p class=\"has-text-align-center\">Von 1970 &#8211; 2002 war dann seine Ehefrau Christa Abrams alleinige Gesch\u00e4ftsf\u00fchrerin. Ab 2002 verpachtete sie dann den Landhandel an Agrar-Landhandel-Kluse.<\/p>\n\n\n\n<div class=\"wp-block-image is-style-default\"><figure class=\"aligncenter size-large is-resized\"><img data-recalc-dims=\"1\" loading=\"lazy\" decoding=\"async\" data-attachment-id=\"1162\" data-permalink=\"https:\/\/abramsmuehle.de\/?attachment_id=1162\" data-orig-file=\"https:\/\/i0.wp.com\/abramsmuehle.de\/wp-content\/uploads\/2021\/01\/Christa-Abrams.jpg?fit=428%2C640&amp;ssl=1\" data-orig-size=\"428,640\" data-comments-opened=\"1\" data-image-meta=\"{&quot;aperture&quot;:&quot;1.8&quot;,&quot;credit&quot;:&quot;&quot;,&quot;camera&quot;:&quot;iPhone 11&quot;,&quot;caption&quot;:&quot;&quot;,&quot;created_timestamp&quot;:&quot;1611747271&quot;,&quot;copyright&quot;:&quot;&quot;,&quot;focal_length&quot;:&quot;4.25&quot;,&quot;iso&quot;:&quot;200&quot;,&quot;shutter_speed&quot;:&quot;0.02&quot;,&quot;title&quot;:&quot;&quot;,&quot;orientation&quot;:&quot;1&quot;}\" data-image-title=\"Christa-Abrams\" data-image-description=\"\" data-image-caption=\"\" data-large-file=\"https:\/\/i0.wp.com\/abramsmuehle.de\/wp-content\/uploads\/2021\/01\/Christa-Abrams.jpg?fit=428%2C640&amp;ssl=1\" src=\"https:\/\/i0.wp.com\/abramsmuehle.de\/wp-content\/uploads\/2021\/01\/Christa-Abrams.jpg?resize=321%2C480&#038;ssl=1\" alt=\"\" class=\"wp-image-1162\" width=\"321\" height=\"480\" srcset=\"https:\/\/i0.wp.com\/abramsmuehle.de\/wp-content\/uploads\/2021\/01\/Christa-Abrams.jpg?w=428&amp;ssl=1 428w, https:\/\/i0.wp.com\/abramsmuehle.de\/wp-content\/uploads\/2021\/01\/Christa-Abrams.jpg?resize=201%2C300&amp;ssl=1 201w\" sizes=\"auto, (max-width: 321px) 100vw, 321px\" \/><\/figure><\/div>\n\n\n\n<p class=\"has-text-align-center\">Im Jahre 2005 wurde Petra D\u00fcselder als Gesch\u00e4ftsf\u00fchrerin des Gesch\u00e4fts eingestellt und  \u00fcbernahm schlie\u00dflich Ende 2008 bis dato Abrams M\u00fchle Papenburg.<\/p>\n","protected":false},"excerpt":{"rendered":"<p>Manchmal muss man etwas wagen; so wie Gerhard Abrams, Schiffskapit\u00e4n aus Papenburg! Er kehrte der Schifffahrt im Jahr 1880, wegen schlechter Gesch\u00e4fte den R\u00fccken. Um seine Familie zu ern\u00e4hren, lie\u00df er am Obenende in der Uml\u00e4nderwiek eine Windm\u00fchle bauen und wurde M\u00fcller. ( Leider liegt uns von G. Abrams kein Bild vor) Die Gesch\u00e4fte liefen<a class=\"more-link\" href=\"https:\/\/abramsmuehle.de\/?page_id=1079\"><span class=\"screen-reader-text\">&#8222;Historie der Abrams M\u00fchle aus Papenburg&#8230;&#8220;<\/span> weiterlesen<\/a><\/p>\n","protected":false},"author":174376882,"featured_media":0,"parent":0,"menu_order":0,"comment_status":"closed","ping_status":"closed","template":"","meta":{"_coblocks_attr":"AntonGeorgia,","_coblocks_dimensions":"","_coblocks_responsive_height":"","_coblocks_accordion_ie_support":"","sfsi_plus_gutenberg_text_before_share":"","sfsi_plus_gutenberg_show_text_before_share":"","sfsi_plus_gutenberg_icon_type":"","sfsi_plus_gutenberg_icon_alignemt":"","sfsi_plus_gutenburg_max_per_row":"","advanced_seo_description":"","jetpack_seo_html_title":"","jetpack_seo_noindex":false,"_joinchat":[],"footnotes":""},"class_list":["post-1079","page","type-page","status-publish","hentry","entry"],"jetpack_likes_enabled":true,"jetpack_sharing_enabled":true,"jetpack_shortlink":"https:\/\/wp.me\/PbAD4a-hp","_links":{"self":[{"href":"https:\/\/abramsmuehle.de\/index.php?rest_route=\/wp\/v2\/pages\/1079","targetHints":{"allow":["GET"]}}],"collection":[{"href":"https:\/\/abramsmuehle.de\/index.php?rest_route=\/wp\/v2\/pages"}],"about":[{"href":"https:\/\/abramsmuehle.de\/index.php?rest_route=\/wp\/v2\/types\/page"}],"author":[{"embeddable":true,"href":"https:\/\/abramsmuehle.de\/index.php?rest_route=\/wp\/v2\/users\/174376882"}],"replies":[{"embeddable":true,"href":"https:\/\/abramsmuehle.de\/index.php?rest_route=%2Fwp%2Fv2%2Fcomments&post=1079"}],"version-history":[{"count":73,"href":"https:\/\/abramsmuehle.de\/index.php?rest_route=\/wp\/v2\/pages\/1079\/revisions"}],"predecessor-version":[{"id":1177,"href":"https:\/\/abramsmuehle.de\/index.php?rest_route=\/wp\/v2\/pages\/1079\/revisions\/1177"}],"wp:attachment":[{"href":"https:\/\/abramsmuehle.de\/index.php?rest_route=%2Fwp%2Fv2%2Fmedia&parent=1079"}],"curies":[{"name":"wp","href":"https:\/\/api.w.org\/{rel}","templated":true}]}}